{"id":9365,"date":"2025-05-25T17:51:37","date_gmt":"2025-05-25T15:51:37","guid":{"rendered":"https:\/\/www.fleurdisa.org\/blog\/?page_id=9365"},"modified":"2025-06-24T14:28:49","modified_gmt":"2025-06-24T12:28:49","slug":"mentions-legales","status":"publish","type":"page","link":"https:\/\/www.fleurdisa.org\/blog\/mentions-legales\/","title":{"rendered":"Mentions l\u00e9gales"},"content":{"rendered":"\n<h3 class=\"wp-block-heading\">Pr\u00e9sentation g\u00e9n\u00e9rale<\/h3>\n\n\n\n<p>Vous \u00eates actuellement connect\u00e9 au site \u00ab\u00a0https:\/\/www.fleurdisa.org\u00a0\u00bb qui est \u00e9dit\u00e9 par l&rsquo;association Fleur d&rsquo;Isa.<br>D\u00e9nomination sociale : Fleur d&rsquo;Isa<br>Pr\u00e9sidente : Sylvie ROUQUI\u00c9<\/p>\n\n\n\n<p>Association loi 1901<br>N\u00b0 SIRET : 503 994 436 00023<br>N\u00b0 d&rsquo;enregistrement : W161002545<br>Si\u00e9ge social : Mairie de Champniers, 1 Rue des Grives Musiciennes, 16430 CHAMPNIERS<br>Noms et coordonn\u00e9es physiques de l\u2019h\u00e9bergeur : <strong>IONOS <\/strong>SARL (7, place de la Gare, BP 70109, 57200 Sarreguemines Cedex, 431 303 775 RCS<\/p>\n\n\n\n<h3 class=\"wp-block-heading\">Acc\u00e8s<\/h3>\n\n\n\n<p>L&rsquo;acc\u00e8s au site www.fleurdisa.org est gratuit.<\/p>\n\n\n\n<p>Les frais d&rsquo;acc\u00e8s et d&rsquo;utilisation du r\u00e9seau de t\u00e9l\u00e9communication sont \u00e0 la charge de l&rsquo;internaute,<br>selon les modalit\u00e9s fix\u00e9es par son fournisseur d&rsquo;acc\u00e8s et son op\u00e9rateur t\u00e9l\u00e9com.<\/p>\n\n\n\n<h3 class=\"wp-block-heading\">Liens hypertextes<\/h3>\n\n\n\n<p>La cr\u00e9ation de liens hypertextes vers le site www.fleurdisa.org est soumise \u00e0 l&rsquo;accord express et pr\u00e9alable du pr\u00e9sident de l&rsquo;association.<\/p>\n\n\n\n<p>Les liens hypertextes \u00e9tablis en direction d&rsquo;autres sites \u00e0 partir de www.fleurdisa.org ne sauraient, en aucun cas, engager la responsabilit\u00e9 de Fleur d&rsquo;Isa.<\/p>\n\n\n\n<p>Il est rappel\u00e9 que les retards, omissions ou inexactitudes sont susceptibles de se produire du fait du syst\u00e8me de transmission \u00e9lectronique.<\/p>\n\n\n\n<h3 class=\"wp-block-heading\">Droits d&rsquo;auteur<\/h3>\n\n\n\n<p>Le pr\u00e9sent site doit \u00eatre consid\u00e9r\u00e9 comme un tout indissociable. La reproduction ou repr\u00e9sentation, int\u00e9grale ou partielle, des pages, des donn\u00e9es et de tout autre \u00e9l\u00e9ment constitutif au site, par quelque proc\u00e9d\u00e9 ou support que ce soit, est interdite et constitue, sans autorisation de l&rsquo;\u00e9diteur, une contrefa\u00e7on.<\/p>\n\n\n\n<h3 class=\"wp-block-heading\">Absence de garantie<\/h3>\n\n\n\n<p>Fleur d&rsquo;Isa s&rsquo;efforce de maintenir ce site \u00e0 jour. Toutefois, Fleur d&rsquo;Isa ne garantit pas l&rsquo;exactitude, ni l&rsquo;exhaustivit\u00e9 des informations pr\u00e9sent\u00e9es sur ce site, quelles qu&rsquo;elles soient.<\/p>\n\n\n\n<p>A l&rsquo;exception des dommages directs r\u00e9sultant d&rsquo;une faute d\u00e9lib\u00e9r\u00e9e ou grave de la part de Fleur d&rsquo;Isa, celle-ci ne pourra en aucun cas \u00eatre tenue responsable de tout dommage direct ou indirect, grave ou non pouvant d\u00e9couler d&rsquo;une visite sur ce site ou associ\u00e9 \u00e0 celle-ci, notamment et sans limitation, de toute perte de b\u00e9n\u00e9fices, interruption d&rsquo;activit\u00e9s, perte de logiciels ou de donn\u00e9es.<\/p>\n\n\n\n<p><\/p>\n","protected":false},"excerpt":{"rendered":"<p>Pr\u00e9sentation g\u00e9n\u00e9rale Vous \u00eates actuellement connect\u00e9 au site \u00ab\u00a0https:\/\/www.fleurdisa.org\u00a0\u00bb qui est \u00e9dit\u00e9 par l&rsquo;association Fleur d&rsquo;Isa.D\u00e9nomination sociale : Fleur d&rsquo;IsaPr\u00e9sidente [&hellip;]<\/p>\n","protected":false},"author":8,"featured_media":0,"parent":0,"menu_order":0,"comment_status":"closed","ping_status":"closed","template":"","meta":{"site-sidebar-layout":"default","site-content-layout":"","ast-site-content-layout":"default","site-content-style":"default","site-sidebar-style":"default","ast-global-header-display":"","ast-banner-title-visibility":"","ast-main-header-display":"","ast-hfb-above-header-display":"","ast-hfb-below-header-display":"","ast-hfb-mobile-header-display":"","site-post-title":"","ast-breadcrumbs-content":"","ast-featured-img":"","footer-sml-layout":"","ast-disable-related-posts":"","theme-transparent-header-meta":"","adv-header-id-meta":"","stick-header-meta":"","header-above-stick-meta":"","header-main-stick-meta":"","header-below-stick-meta":"","astra-migrate-meta-layouts":"default","ast-page-background-enabled":"default","ast-page-background-meta":{"desktop":{"background-color":"var(--ast-global-color-5)","background-image":"","background-repeat":"repeat","background-position":"center center","background-size":"auto","background-attachment":"scroll","background-type":"","background-media":"","overlay-type":"","overlay-color":"","overlay-opacity":"","overlay-gradient":""},"tablet":{"background-color":"","background-image":"","background-repeat":"repeat","background-position":"center center","background-size":"auto","background-attachment":"scroll","background-type":"","background-media":"","overlay-type":"","overlay-color":"","overlay-opacity":"","overlay-gradient":""},"mobile":{"background-color":"","background-image":"","background-repeat":"repeat","background-position":"center center","background-size":"auto","background-attachment":"scroll","background-type":"","background-media":"","overlay-type":"","overlay-color":"","overlay-opacity":"","overlay-gradient":""}},"ast-content-background-meta":{"desktop":{"background-color":"var(--ast-global-color-4)","background-image":"","background-repeat":"repeat","background-position":"center center","background-size":"auto","background-attachment":"scroll","background-type":"","background-media":"","overlay-type":"","overlay-color":"","overlay-opacity":"","overlay-gradient":""},"tablet":{"background-color":"var(--ast-global-color-4)","background-image":"","background-repeat":"repeat","background-position":"center center","background-size":"auto","background-attachment":"scroll","background-type":"","background-media":"","overlay-type":"","overlay-color":"","overlay-opacity":"","overlay-gradient":""},"mobile":{"background-color":"var(--ast-global-color-4)","background-image":"","background-repeat":"repeat","background-position":"center center","background-size":"auto","background-attachment":"scroll","background-type":"","background-media":"","overlay-type":"","overlay-color":"","overlay-opacity":"","overlay-gradient":""}},"footnotes":""},"class_list":["post-9365","page","type-page","status-publish","hentry"],"_links":{"self":[{"href":"https:\/\/www.fleurdisa.org\/blog\/wp-json\/wp\/v2\/pages\/9365","targetHints":{"allow":["GET"]}}],"collection":[{"href":"https:\/\/www.fleurdisa.org\/blog\/wp-json\/wp\/v2\/pages"}],"about":[{"href":"https:\/\/www.fleurdisa.org\/blog\/wp-json\/wp\/v2\/types\/page"}],"author":[{"embeddable":true,"href":"https:\/\/www.fleurdisa.org\/blog\/wp-json\/wp\/v2\/users\/8"}],"replies":[{"embeddable":true,"href":"https:\/\/www.fleurdisa.org\/blog\/wp-json\/wp\/v2\/comments?post=9365"}],"version-history":[{"count":1,"href":"https:\/\/www.fleurdisa.org\/blog\/wp-json\/wp\/v2\/pages\/9365\/revisions"}],"predecessor-version":[{"id":9366,"href":"https:\/\/www.fleurdisa.org\/blog\/wp-json\/wp\/v2\/pages\/9365\/revisions\/9366"}],"wp:attachment":[{"href":"https:\/\/www.fleurdisa.org\/blog\/wp-json\/wp\/v2\/media?parent=9365"}],"curies":[{"name":"wp","href":"https:\/\/api.w.org\/{rel}","templated":true}]}}