{"id":9363,"date":"2025-05-25T17:49:57","date_gmt":"2025-05-25T15:49:57","guid":{"rendered":"https:\/\/www.fleurdisa.org\/blog\/?page_id=9363"},"modified":"2025-06-24T15:08:51","modified_gmt":"2025-06-24T13:08:51","slug":"qui-sommes-nous","status":"publish","type":"page","link":"https:\/\/www.fleurdisa.org\/blog\/qui-sommes-nous\/","title":{"rendered":"Qui sommes-nous ?"},"content":{"rendered":"\n<p>Fleur d&rsquo;Isa, cr\u00e9\u00e9e en 2008, a pour symbole le <strong><mark style=\"background-color:rgba(0, 0, 0, 0)\" class=\"has-inline-color has-vivid-red-color\">coquelicot<\/mark><\/strong>, fleur pr\u00e9f\u00e9r\u00e9e d\u2019Isabelle qui a laiss\u00e9 son nom \u00e0 l\u2019association <br>et que <a href=\"https:\/\/www.fleurdisa.org\/testSR\/media\/texte_Marthe.jpg\" target=\"_blank\" rel=\"noreferrer noopener\">Marthe<\/a>, artiste internationale, devenue Marraine de c\u0153ur, a illustr\u00e9 dans ses tableaux.<\/p>\n\n\n\n<figure class=\"wp-block-image aligncenter\"><img decoding=\"async\" src=\"https:\/\/www.fleurdisa.org\/testSR\/media\/tablofleurdisa.jpeg\" alt=\"\"\/><\/figure>\n\n\n\n<p><\/p>\n\n\n\n<p>Eric Gadon, le mari d&rsquo;Isabelle, en a \u00e9t\u00e9 le pr\u00e9sident fondateur. Il a \u0153uvr\u00e9 au d\u00e9marrage de cette nouvelle association, pendant 2 ans. Puis l&rsquo;association a ensuite \u00e9t\u00e9 pr\u00e9sid\u00e9e par Fran\u00e7oise, s\u0153ur d&rsquo;Isabelle, pendant 12 ans. Elle a d\u00e9velopp\u00e9 l&rsquo;association pour distribuer encore plus de soins aux malades.<br><\/p>\n\n\n\n<p>L\u2019am\u00e9lioration des conditions de vie au quotidien, l\u2019apport de r\u00e9confort et de bien-\u00eatre, le soutien \u00e0 la recherche sont les objectifs de l&rsquo;association. Fleur d\u2019Isa est donc pr\u00e9sente aux c\u00f4t\u00e9s des personnes touch\u00e9es par le cancer en Charente.<\/p>\n\n\n\n<p><span>Des conventions de partenariat ont \u00e9t\u00e9 sign\u00e9es avec <\/span><\/p>\n\n\n\n<ul class=\"wp-block-list\">\n<li>Les Centres Hospitaliers d\u2019Angoul\u00eame et de Cognac, et le Centre Clinical de Soyaux et permettent \u00e0 nos praticiennes du bien-\u00eatre d\u2019intervenir pendant les s\u00e9ances de chimioth\u00e9rapie et radioth\u00e9rapie. L&rsquo;H\u00f4pital de Barbezieux permet des interventions en socio-esth\u00e9tique dans les unit\u00e9s LISP et EMSP ( cancer et soins palliatifs)<\/li>\n\n\n\n<li>La Mutualit\u00e9 Fran\u00e7aise Charente Fili\u00e8re Domicile qui permet d\u2019offrir des prestations d\u2019esth\u00e9tique au domicile des malades.<\/li>\n<\/ul>\n\n\n\n<p>Ces prestations, financ\u00e9es par l\u2019association, qui r\u00e9mun\u00e8re ses intervenantes, sont gratuites pour les patient(e)s.<\/p>\n\n\n\n<p>Quelques douceurs (chocolats ou fleurs) sont offertes \u00e9galement \u00e0 No\u00ebl, P\u00e2ques et F\u00eate des m\u00e8res.<\/p>\n\n\n\n<p>La pr\u00e9vention est aussi pr\u00e9sente dans les actions de Fleur d&rsquo;Isa (sensibilisation dans des lyc\u00e9es, \u00e9coles d&rsquo;infirmi\u00e8res et aide-soignantes, &#8230;)  et aussi pendant Octobre Rose.<\/p>\n\n\n\n<p>Vous pouvez t\u00e9l\u00e9charger notre plaquette sur la page d&rsquo;accueil, ainsi que la derni\u00e8re pr\u00e9sentation compl\u00e8te.<\/p>\n\n\n\n<p class=\"has-text-align-center\"><\/p>\n\n\n\n<p><\/p>\n","protected":false},"excerpt":{"rendered":"<p>Fleur d&rsquo;Isa, cr\u00e9\u00e9e en 2008, a pour symbole le coquelicot, fleur pr\u00e9f\u00e9r\u00e9e d\u2019Isabelle qui a laiss\u00e9 son nom \u00e0 l\u2019association [&hellip;]<\/p>\n","protected":false},"author":8,"featured_media":0,"parent":0,"menu_order":0,"comment_status":"closed","ping_status":"closed","template":"","meta":{"site-sidebar-layout":"default","site-content-layout":"","ast-site-content-layout":"default","site-content-style":"default","site-sidebar-style":"default","ast-global-header-display":"","ast-banner-title-visibility":"","ast-main-header-display":"","ast-hfb-above-header-display":"","ast-hfb-below-header-display":"","ast-hfb-mobile-header-display":"","site-post-title":"","ast-breadcrumbs-content":"","ast-featured-img":"","footer-sml-layout":"","ast-disable-related-posts":"","theme-transparent-header-meta":"","adv-header-id-meta":"","stick-header-meta":"","header-above-stick-meta":"","header-main-stick-meta":"","header-below-stick-meta":"","astra-migrate-meta-layouts":"default","ast-page-background-enabled":"default","ast-page-background-meta":{"desktop":{"background-color":"var(--ast-global-color-5)","background-image":"","background-repeat":"repeat","background-position":"center center","background-size":"auto","background-attachment":"scroll","background-type":"","background-media":"","overlay-type":"","overlay-color":"","overlay-opacity":"","overlay-gradient":""},"tablet":{"background-color":"","background-image":"","background-repeat":"repeat","background-position":"center center","background-size":"auto","background-attachment":"scroll","background-type":"","background-media":"","overlay-type":"","overlay-color":"","overlay-opacity":"","overlay-gradient":""},"mobile":{"background-color":"","background-image":"","background-repeat":"repeat","background-position":"center center","background-size":"auto","background-attachment":"scroll","background-type":"","background-media":"","overlay-type":"","overlay-color":"","overlay-opacity":"","overlay-gradient":""}},"ast-content-background-meta":{"desktop":{"background-color":"var(--ast-global-color-4)","background-image":"","background-repeat":"repeat","background-position":"center center","background-size":"auto","background-attachment":"scroll","background-type":"","background-media":"","overlay-type":"","overlay-color":"","overlay-opacity":"","overlay-gradient":""},"tablet":{"background-color":"var(--ast-global-color-4)","background-image":"","background-repeat":"repeat","background-position":"center center","background-size":"auto","background-attachment":"scroll","background-type":"","background-media":"","overlay-type":"","overlay-color":"","overlay-opacity":"","overlay-gradient":""},"mobile":{"background-color":"var(--ast-global-color-4)","background-image":"","background-repeat":"repeat","background-position":"center center","background-size":"auto","background-attachment":"scroll","background-type":"","background-media":"","overlay-type":"","overlay-color":"","overlay-opacity":"","overlay-gradient":""}},"footnotes":""},"class_list":["post-9363","page","type-page","status-publish","hentry"],"_links":{"self":[{"href":"https:\/\/www.fleurdisa.org\/blog\/wp-json\/wp\/v2\/pages\/9363","targetHints":{"allow":["GET"]}}],"collection":[{"href":"https:\/\/www.fleurdisa.org\/blog\/wp-json\/wp\/v2\/pages"}],"about":[{"href":"https:\/\/www.fleurdisa.org\/blog\/wp-json\/wp\/v2\/types\/page"}],"author":[{"embeddable":true,"href":"https:\/\/www.fleurdisa.org\/blog\/wp-json\/wp\/v2\/users\/8"}],"replies":[{"embeddable":true,"href":"https:\/\/www.fleurdisa.org\/blog\/wp-json\/wp\/v2\/comments?post=9363"}],"version-history":[{"count":2,"href":"https:\/\/www.fleurdisa.org\/blog\/wp-json\/wp\/v2\/pages\/9363\/revisions"}],"predecessor-version":[{"id":9475,"href":"https:\/\/www.fleurdisa.org\/blog\/wp-json\/wp\/v2\/pages\/9363\/revisions\/9475"}],"wp:attachment":[{"href":"https:\/\/www.fleurdisa.org\/blog\/wp-json\/wp\/v2\/media?parent=9363"}],"curies":[{"name":"wp","href":"https:\/\/api.w.org\/{rel}","templated":true}]}}