{"id":9360,"date":"2025-05-25T17:48:02","date_gmt":"2025-05-25T15:48:02","guid":{"rendered":"https:\/\/www.fleurdisa.org\/blog\/?page_id=9360"},"modified":"2025-06-24T14:39:00","modified_gmt":"2025-06-24T12:39:00","slug":"nous-aider","status":"publish","type":"page","link":"https:\/\/www.fleurdisa.org\/blog\/nous-aider\/","title":{"rendered":"Nous aider"},"content":{"rendered":"\n<p><strong><mark style=\"background-color:rgba(0, 0, 0, 0)\" class=\"has-inline-color has-vivid-red-color\">Vous vous sentez concern\u00e9(e) par les objectifs de l&rsquo;association : <\/mark><\/strong><\/p>\n\n\n\n<h3 class=\"wp-block-heading has-text-align-center\">Participer<\/h3>\n\n\n\n<p><\/p>\n\n\n\n<p>Si vous souhaitez vous investir aupr\u00e8s de nous, dans nos diff\u00e9rentes actions, en prenant des initiatives&#8230; <a rel=\"noreferrer noopener\" href=\"https:\/\/www.fleurdisa.org\/index.php?page=contact\" target=\"_blank\">contactez-nous<\/a>.<\/p>\n\n\n\n<p>Ou inscrivez vous sur le site \u00ab\u00a0<a rel=\"noreferrer noopener\" href=\"https:\/\/jeparticipe.angouleme.fr\/project\/missions-de-benevolat\/collect\/deposez-des-annonces-ou-retrouvez-les-missions-des-associations\/proposals\/assistance-aux-evenements-organises-aide-administrative\" target=\"_blank\">J<\/a><a rel=\"noreferrer noopener\" href=\"https:\/\/jeparticipe.angouleme.fr\/project\/missions-de-benevolat\/collect\/deposez-des-annonces-ou-retrouvez-les-missions-des-associations\/proposals\/assistance-aux-evenements-organises-aide-administrative\" target=\"_blank\">e<\/a><a rel=\"noreferrer noopener\" href=\"https:\/\/jeparticipe.angouleme.fr\/project\/missions-de-benevolat\/collect\/deposez-des-annonces-ou-retrouvez-les-missions-des-associations\/proposals\/assistance-aux-evenements-organises-aide-administrative\" target=\"_blank\"> <\/a><a rel=\"noreferrer noopener\" href=\"https:\/\/jeparticipe.angouleme.fr\/project\/missions-de-benevolat\/collect\/deposez-des-annonces-ou-retrouvez-les-missions-des-associations\/proposals\/assistance-aux-evenements-organises-aide-administrative\" target=\"_blank\">p<\/a><a rel=\"noreferrer noopener\" href=\"https:\/\/jeparticipe.angouleme.fr\/project\/missions-de-benevolat\/collect\/deposez-des-annonces-ou-retrouvez-les-missions-des-associations\/proposals\/assistance-aux-evenements-organises-aide-administrative\" target=\"_blank\">a<\/a><a rel=\"noreferrer noopener\" href=\"https:\/\/jeparticipe.angouleme.fr\/project\/missions-de-benevolat\/collect\/deposez-des-annonces-ou-retrouvez-les-missions-des-associations\/proposals\/assistance-aux-evenements-organises-aide-administrative\" target=\"_blank\">r<\/a><a rel=\"noreferrer noopener\" href=\"https:\/\/jeparticipe.angouleme.fr\/project\/missions-de-benevolat\/collect\/deposez-des-annonces-ou-retrouvez-les-missions-des-associations\/proposals\/assistance-aux-evenements-organises-aide-administrative\" target=\"_blank\">t<\/a><a rel=\"noreferrer noopener\" href=\"https:\/\/jeparticipe.angouleme.fr\/project\/missions-de-benevolat\/collect\/deposez-des-annonces-ou-retrouvez-les-missions-des-associations\/proposals\/assistance-aux-evenements-organises-aide-administrative\" target=\"_blank\">i<\/a><a rel=\"noreferrer noopener\" href=\"https:\/\/jeparticipe.angouleme.fr\/project\/missions-de-benevolat\/collect\/deposez-des-annonces-ou-retrouvez-les-missions-des-associations\/proposals\/assistance-aux-evenements-organises-aide-administrative\" target=\"_blank\">c<\/a><a rel=\"noreferrer noopener\" href=\"https:\/\/jeparticipe.angouleme.fr\/project\/missions-de-benevolat\/collect\/deposez-des-annonces-ou-retrouvez-les-missions-des-associations\/proposals\/assistance-aux-evenements-organises-aide-administrative\" target=\"_blank\">i<\/a><a rel=\"noreferrer noopener\" href=\"https:\/\/jeparticipe.angouleme.fr\/project\/missions-de-benevolat\/collect\/deposez-des-annonces-ou-retrouvez-les-missions-des-associations\/proposals\/assistance-aux-evenements-organises-aide-administrative\" target=\"_blank\">p<\/a><a rel=\"noreferrer noopener\" href=\"https:\/\/jeparticipe.angouleme.fr\/project\/missions-de-benevolat\/collect\/deposez-des-annonces-ou-retrouvez-les-missions-des-associations\/proposals\/assistance-aux-evenements-organises-aide-administrative\" target=\"_blank\">e<\/a><a rel=\"noreferrer noopener\" href=\"https:\/\/jeparticipe.angouleme.fr\/project\/missions-de-benevolat\/collect\/deposez-des-annonces-ou-retrouvez-les-missions-des-associations\/proposals\/assistance-aux-evenements-organises-aide-administrative\" target=\"_blank\"> <\/a><a rel=\"noreferrer noopener\" href=\"https:\/\/jeparticipe.angouleme.fr\/project\/missions-de-benevolat\/collect\/deposez-des-annonces-ou-retrouvez-les-missions-des-associations\/proposals\/assistance-aux-evenements-organises-aide-administrative\" target=\"_blank\">&#8211;<\/a><a rel=\"noreferrer noopener\" href=\"https:\/\/jeparticipe.angouleme.fr\/project\/missions-de-benevolat\/collect\/deposez-des-annonces-ou-retrouvez-les-missions-des-associations\/proposals\/assistance-aux-evenements-organises-aide-administrative\" target=\"_blank\"> <\/a><a rel=\"noreferrer noopener\" href=\"https:\/\/jeparticipe.angouleme.fr\/project\/missions-de-benevolat\/collect\/deposez-des-annonces-ou-retrouvez-les-missions-des-associations\/proposals\/assistance-aux-evenements-organises-aide-administrative\" target=\"_blank\">A<\/a><a rel=\"noreferrer noopener\" href=\"https:\/\/jeparticipe.angouleme.fr\/project\/missions-de-benevolat\/collect\/deposez-des-annonces-ou-retrouvez-les-missions-des-associations\/proposals\/assistance-aux-evenements-organises-aide-administrative\" target=\"_blank\">n<\/a><a rel=\"noreferrer noopener\" href=\"https:\/\/jeparticipe.angouleme.fr\/project\/missions-de-benevolat\/collect\/deposez-des-annonces-ou-retrouvez-les-missions-des-associations\/proposals\/assistance-aux-evenements-organises-aide-administrative\" target=\"_blank\">g<\/a><a rel=\"noreferrer noopener\" href=\"https:\/\/jeparticipe.angouleme.fr\/project\/missions-de-benevolat\/collect\/deposez-des-annonces-ou-retrouvez-les-missions-des-associations\/proposals\/assistance-aux-evenements-organises-aide-administrative\" target=\"_blank\">o<\/a><a rel=\"noreferrer noopener\" href=\"https:\/\/jeparticipe.angouleme.fr\/project\/missions-de-benevolat\/collect\/deposez-des-annonces-ou-retrouvez-les-missions-des-associations\/proposals\/assistance-aux-evenements-organises-aide-administrative\" target=\"_blank\">u<\/a><a rel=\"noreferrer noopener\" href=\"https:\/\/jeparticipe.angouleme.fr\/project\/missions-de-benevolat\/collect\/deposez-des-annonces-ou-retrouvez-les-missions-des-associations\/proposals\/assistance-aux-evenements-organises-aide-administrative\" target=\"_blank\">l<\/a><a rel=\"noreferrer noopener\" href=\"https:\/\/jeparticipe.angouleme.fr\/project\/missions-de-benevolat\/collect\/deposez-des-annonces-ou-retrouvez-les-missions-des-associations\/proposals\/assistance-aux-evenements-organises-aide-administrative\" target=\"_blank\">\u00ea<\/a><a rel=\"noreferrer noopener\" href=\"https:\/\/jeparticipe.angouleme.fr\/project\/missions-de-benevolat\/collect\/deposez-des-annonces-ou-retrouvez-les-missions-des-associations\/proposals\/assistance-aux-evenements-organises-aide-administrative\" target=\"_blank\">m<\/a><a rel=\"noreferrer noopener\" href=\"https:\/\/jeparticipe.angouleme.fr\/project\/missions-de-benevolat\/collect\/deposez-des-annonces-ou-retrouvez-les-missions-des-associations\/proposals\/assistance-aux-evenements-organises-aide-administrative\" target=\"_blank\">e<\/a>\u00a0\u00bb , qui nous retransmettra vos candidatures.<\/p>\n\n\n\n<p><\/p>\n\n\n\n<p>Vous souhaitez faire conna\u00eetre l&rsquo;association autour de vous : t\u00e9l\u00e9charger <a href=\"https:\/\/www.fleurdisa.org\/blog\/wp-content\/uploads\/2023\/04\/Plaquette-MAJ-03.2023.pdf\" target=\"_blank\" rel=\"noreferrer noopener\">la plaquette au format PDF<\/a><\/p>\n\n\n\n<p><\/p>\n\n\n\n<p class=\"has-text-align-center\">&#8212;&#8212;&#8212;&#8212;&#8212;&#8211;<\/p>\n\n\n\n<p><\/p>\n\n\n\n<h3 class=\"wp-block-heading has-text-align-center\">Adh\u00e9rer et\/ou Donner<\/h3>\n\n\n\n<p><\/p>\n\n\n\n<p><strong><mark style=\"background-color:rgba(0, 0, 0, 0);color:#759b21\" class=\"has-inline-color\">Par un don du montant de votre choix.<\/mark><\/strong><br>Si le montant de votre don est \u00e9gal ou sup\u00e9rieur \u00e0 la cotisation des adh\u00e9rents, vous pourrez b\u00e9n\u00e9ficier de tous leurs avantages.<br><br><strong><mark style=\"background-color:rgba(0, 0, 0, 0);color:#759b21\" class=\"has-inline-color\">Par une adh\u00e9sion,<\/mark><\/strong> en versant une cotisation annuelle :<br>&#8211; adh\u00e9sion personnelle 35 \u20ac<br>&#8211; adh\u00e9sion couple 60 \u20ac<br>Les adh\u00e9rents re\u00e7oivent en janvier un bilan des activit\u00e9s effectu\u00e9es pendant l&rsquo;ann\u00e9e \u00e9coul\u00e9e et sont invit\u00e9s \u00e0 venir exprimer leur avis sur les orientations de l&rsquo;association lors de l&rsquo;assembl\u00e9e g\u00e9n\u00e9rale annuelle.<\/p>\n\n\n\n<p>Merci de nous transmettre <a href=\"https:\/\/www.fleurdisa.org\/blog\/wp-content\/uploads\/2023\/04\/Plaquette-MAJ-03.2023.pdf\" target=\"_blank\" rel=\"noreferrer noopener\">le bulletin d&rsquo;adh\u00e9sion ou de don<\/a> accompagn\u00e9 de votre r\u00e8glement.<br><br><label style=\"font-size:11px;\">Pour une adh\u00e9sion ou un don, vous recevrez un re\u00e7u fiscal vous permettant de b\u00e9n\u00e9ficier d&rsquo;une r\u00e9duction d&rsquo;imp\u00f4t sur le revenu \u00e9gale \u00e0 66 % de la somme vers\u00e9e. (dans la limite de 20 % du revenu imposable annuel). Ainsi, pour les personnes imposables sur le revenu, une adh\u00e9sion ne co\u00fbte que 10,20 \u20ac et un don de 100 \u20ac ne revient en r\u00e9alit\u00e9 qu&rsquo;\u00e0 34 \u20ac<\/label>.<\/p>\n\n\n\n<p><\/p>\n","protected":false},"excerpt":{"rendered":"<p>Vous vous sentez concern\u00e9(e) par les objectifs de l&rsquo;association : Participer Si vous souhaitez vous investir aupr\u00e8s de nous, dans [&hellip;]<\/p>\n","protected":false},"author":8,"featured_media":0,"parent":0,"menu_order":0,"comment_status":"closed","ping_status":"closed","template":"","meta":{"site-sidebar-layout":"default","site-content-layout":"","ast-site-content-layout":"default","site-content-style":"default","site-sidebar-style":"default","ast-global-header-display":"","ast-banner-title-visibility":"","ast-main-header-display":"","ast-hfb-above-header-display":"","ast-hfb-below-header-display":"","ast-hfb-mobile-header-display":"","site-post-title":"","ast-breadcrumbs-content":"","ast-featured-img":"","footer-sml-layout":"","ast-disable-related-posts":"","theme-transparent-header-meta":"","adv-header-id-meta":"","stick-header-meta":"","header-above-stick-meta":"","header-main-stick-meta":"","header-below-stick-meta":"","astra-migrate-meta-layouts":"default","ast-page-background-enabled":"default","ast-page-background-meta":{"desktop":{"background-color":"var(--ast-global-color-5)","background-image":"","background-repeat":"repeat","background-position":"center center","background-size":"auto","background-attachment":"scroll","background-type":"","background-media":"","overlay-type":"","overlay-color":"","overlay-opacity":"","overlay-gradient":""},"tablet":{"background-color":"","background-image":"","background-repeat":"repeat","background-position":"center center","background-size":"auto","background-attachment":"scroll","background-type":"","background-media":"","overlay-type":"","overlay-color":"","overlay-opacity":"","overlay-gradient":""},"mobile":{"background-color":"","background-image":"","background-repeat":"repeat","background-position":"center center","background-size":"auto","background-attachment":"scroll","background-type":"","background-media":"","overlay-type":"","overlay-color":"","overlay-opacity":"","overlay-gradient":""}},"ast-content-background-meta":{"desktop":{"background-color":"var(--ast-global-color-4)","background-image":"","background-repeat":"repeat","background-position":"center center","background-size":"auto","background-attachment":"scroll","background-type":"","background-media":"","overlay-type":"","overlay-color":"","overlay-opacity":"","overlay-gradient":""},"tablet":{"background-color":"var(--ast-global-color-4)","background-image":"","background-repeat":"repeat","background-position":"center center","background-size":"auto","background-attachment":"scroll","background-type":"","background-media":"","overlay-type":"","overlay-color":"","overlay-opacity":"","overlay-gradient":""},"mobile":{"background-color":"var(--ast-global-color-4)","background-image":"","background-repeat":"repeat","background-position":"center center","background-size":"auto","background-attachment":"scroll","background-type":"","background-media":"","overlay-type":"","overlay-color":"","overlay-opacity":"","overlay-gradient":""}},"footnotes":""},"class_list":["post-9360","page","type-page","status-publish","hentry"],"_links":{"self":[{"href":"https:\/\/www.fleurdisa.org\/blog\/wp-json\/wp\/v2\/pages\/9360","targetHints":{"allow":["GET"]}}],"collection":[{"href":"https:\/\/www.fleurdisa.org\/blog\/wp-json\/wp\/v2\/pages"}],"about":[{"href":"https:\/\/www.fleurdisa.org\/blog\/wp-json\/wp\/v2\/types\/page"}],"author":[{"embeddable":true,"href":"https:\/\/www.fleurdisa.org\/blog\/wp-json\/wp\/v2\/users\/8"}],"replies":[{"embeddable":true,"href":"https:\/\/www.fleurdisa.org\/blog\/wp-json\/wp\/v2\/comments?post=9360"}],"version-history":[{"count":5,"href":"https:\/\/www.fleurdisa.org\/blog\/wp-json\/wp\/v2\/pages\/9360\/revisions"}],"predecessor-version":[{"id":10031,"href":"https:\/\/www.fleurdisa.org\/blog\/wp-json\/wp\/v2\/pages\/9360\/revisions\/10031"}],"wp:attachment":[{"href":"https:\/\/www.fleurdisa.org\/blog\/wp-json\/wp\/v2\/media?parent=9360"}],"curies":[{"name":"wp","href":"https:\/\/api.w.org\/{rel}","templated":true}]}}