{"id":9358,"date":"2025-05-25T17:47:03","date_gmt":"2025-05-25T15:47:03","guid":{"rendered":"https:\/\/www.fleurdisa.org\/blog\/?page_id=9358"},"modified":"2025-07-15T10:53:53","modified_gmt":"2025-07-15T08:53:53","slug":"nos-objectifs","status":"publish","type":"page","link":"https:\/\/www.fleurdisa.org\/blog\/nos-objectifs\/","title":{"rendered":"Nos Objectifs"},"content":{"rendered":"\n<p><mark style=\"background-color:#cf2e2e\" class=\"has-inline-color has-white-color\">Aider les malades<\/mark> atteint(e)s du cancer du sein et de tout autre cancer, \u00e0 mieux vivre, <mark style=\"background-color:rgba(0, 0, 0, 0)\" class=\"has-inline-color has-vivid-red-color\">en finan\u00e7ant des soins de soutien<\/mark> apport\u00e9s aux malades \u00e0 l&rsquo;occasion de s\u00e9ances de chimioth\u00e9rapie, ou de radioth\u00e9rapie, en am\u00e9liorant leur quotidien, en les entourant conjointement aux traitements sp\u00e9cifiques du cancer.<\/p>\n\n\n\n<p><mark style=\"background-color:#cf2e2e\" class=\"has-inline-color has-white-color\">Promouvoir la pr\u00e9vention<\/mark> , <mark style=\"background-color:rgba(0, 0, 0, 0)\" class=\"has-inline-color has-vivid-red-color\">en appuyant toutes les initiatives permanentes engag\u00e9es<\/mark>, en participant activement aux diff\u00e9rentes manifestations organis\u00e9es, en particulier dans le cadre d&rsquo;Octobre Rose, en soutenant la recherche et les campagnes de sensibilisation.<\/p>\n\n\n\n<p><mark style=\"background-color:#cf2e2e\" class=\"has-inline-color has-white-color\">Participer aux actions Post Hospitalisation<\/mark>, <mark style=\"background-color:rgba(0, 0, 0, 0)\" class=\"has-inline-color has-vivid-red-color\">en renfor\u00e7ant les interventions organis\u00e9es<\/mark> pour accueillir et accompagner les personnes en cours et\/ou apr\u00e8s traitement du cancer afin de rompre avec l&rsquo;isolement social et aider dans le bien-\u00eatre.<\/p>\n\n\n\n<p><mark style=\"background-color:#cf2e2e\" class=\"has-inline-color has-white-color\">Aider \u00e0 retrouver du plaisir<\/mark> gustatif et apporter une chaleur humaine au moment des f\u00eates en offrant de d\u00e9licieux <mark style=\"background-color:rgba(0, 0, 0, 0)\" class=\"has-inline-color has-vivid-red-color\">desserts <\/mark>(P\u00e2ques, No\u00ebl, Jour de l&rsquo;an) ou encore des <mark style=\"background-color:rgba(0, 0, 0, 0)\" class=\"has-inline-color has-vivid-red-color\">fleurs <\/mark>\u00e0 la f\u00eate des m\u00e8res.<\/p>\n\n\n\n<p>Offrir des prestations de bien-\u00eatre pour redonner go\u00fbt \u00e0 la vie, \u00e9couter, dialoguer avec les malades atteints du cancer, en finan\u00e7ant des soins <\/p>\n\n\n\n<ul class=\"wp-block-list\">\n<li><mark style=\"background-color:rgba(0, 0, 0, 0)\" class=\"has-inline-color has-vivid-green-cyan-color\">d&rsquo;art th\u00e9rapie<\/mark><\/li>\n\n\n\n<li><mark style=\"background-color:rgba(0, 0, 0, 0)\" class=\"has-inline-color has-vivid-green-cyan-color\">de socio-esth\u00e9tique<\/mark><\/li>\n\n\n\n<li><mark style=\"background-color:rgba(0, 0, 0, 0)\" class=\"has-inline-color has-vivid-green-cyan-color\">de sophrologie<\/mark><\/li>\n\n\n\n<li><mark style=\"background-color:rgba(0, 0, 0, 0)\" class=\"has-inline-color has-vivid-green-cyan-color\">de r\u00e9flexologie plantaire<\/mark><\/li>\n\n\n\n<li><mark style=\"background-color:rgba(0, 0, 0, 0)\" class=\"has-inline-color has-vivid-green-cyan-color\">de p\u00e9dicure-podologie<\/mark><\/li>\n\n\n\n<li><mark style=\"background-color:rgba(0, 0, 0, 0)\" class=\"has-inline-color has-vivid-green-cyan-color\">de socio-coiffure<\/mark><\/li>\n\n\n\n<li><mark style=\"background-color:rgba(0, 0, 0, 0)\" class=\"has-inline-color has-vivid-green-cyan-color\">de psychoth\u00e9rapie-sexoth\u00e9rapie<\/mark><\/li>\n<\/ul>\n\n\n\n<p class=\"has-text-align-center has-large-font-size\"><mark style=\"background-color:#00d084\" class=\"has-inline-color has-white-color\">En 2024  2500 soins ont \u00e9t\u00e9 offerts.<\/mark><\/p>\n","protected":false},"excerpt":{"rendered":"<p>Aider les malades atteint(e)s du cancer du sein et de tout autre cancer, \u00e0 mieux vivre, en finan\u00e7ant des soins [&hellip;]<\/p>\n","protected":false},"author":8,"featured_media":0,"parent":0,"menu_order":0,"comment_status":"closed","ping_status":"closed","template":"","meta":{"site-sidebar-layout":"default","site-content-layout":"","ast-site-content-layout":"default","site-content-style":"default","site-sidebar-style":"default","ast-global-header-display":"","ast-banner-title-visibility":"","ast-main-header-display":"","ast-hfb-above-header-display":"","ast-hfb-below-header-display":"","ast-hfb-mobile-header-display":"","site-post-title":"","ast-breadcrumbs-content":"","ast-featured-img":"","footer-sml-layout":"","ast-disable-related-posts":"","theme-transparent-header-meta":"","adv-header-id-meta":"","stick-header-meta":"","header-above-stick-meta":"","header-main-stick-meta":"","header-below-stick-meta":"","astra-migrate-meta-layouts":"default","ast-page-background-enabled":"default","ast-page-background-meta":{"desktop":{"background-color":"var(--ast-global-color-5)","background-image":"","background-repeat":"repeat","background-position":"center center","background-size":"auto","background-attachment":"scroll","background-type":"","background-media":"","overlay-type":"","overlay-color":"","overlay-opacity":"","overlay-gradient":""},"tablet":{"background-color":"","background-image":"","background-repeat":"repeat","background-position":"center center","background-size":"auto","background-attachment":"scroll","background-type":"","background-media":"","overlay-type":"","overlay-color":"","overlay-opacity":"","overlay-gradient":""},"mobile":{"background-color":"","background-image":"","background-repeat":"repeat","background-position":"center center","background-size":"auto","background-attachment":"scroll","background-type":"","background-media":"","overlay-type":"","overlay-color":"","overlay-opacity":"","overlay-gradient":""}},"ast-content-background-meta":{"desktop":{"background-color":"var(--ast-global-color-4)","background-image":"","background-repeat":"repeat","background-position":"center center","background-size":"auto","background-attachment":"scroll","background-type":"","background-media":"","overlay-type":"","overlay-color":"","overlay-opacity":"","overlay-gradient":""},"tablet":{"background-color":"var(--ast-global-color-4)","background-image":"","background-repeat":"repeat","background-position":"center center","background-size":"auto","background-attachment":"scroll","background-type":"","background-media":"","overlay-type":"","overlay-color":"","overlay-opacity":"","overlay-gradient":""},"mobile":{"background-color":"var(--ast-global-color-4)","background-image":"","background-repeat":"repeat","background-position":"center center","background-size":"auto","background-attachment":"scroll","background-type":"","background-media":"","overlay-type":"","overlay-color":"","overlay-opacity":"","overlay-gradient":""}},"footnotes":""},"class_list":["post-9358","page","type-page","status-publish","hentry"],"_links":{"self":[{"href":"https:\/\/www.fleurdisa.org\/blog\/wp-json\/wp\/v2\/pages\/9358","targetHints":{"allow":["GET"]}}],"collection":[{"href":"https:\/\/www.fleurdisa.org\/blog\/wp-json\/wp\/v2\/pages"}],"about":[{"href":"https:\/\/www.fleurdisa.org\/blog\/wp-json\/wp\/v2\/types\/page"}],"author":[{"embeddable":true,"href":"https:\/\/www.fleurdisa.org\/blog\/wp-json\/wp\/v2\/users\/8"}],"replies":[{"embeddable":true,"href":"https:\/\/www.fleurdisa.org\/blog\/wp-json\/wp\/v2\/comments?post=9358"}],"version-history":[{"count":3,"href":"https:\/\/www.fleurdisa.org\/blog\/wp-json\/wp\/v2\/pages\/9358\/revisions"}],"predecessor-version":[{"id":9483,"href":"https:\/\/www.fleurdisa.org\/blog\/wp-json\/wp\/v2\/pages\/9358\/revisions\/9483"}],"wp:attachment":[{"href":"https:\/\/www.fleurdisa.org\/blog\/wp-json\/wp\/v2\/media?parent=9358"}],"curies":[{"name":"wp","href":"https:\/\/api.w.org\/{rel}","templated":true}]}}