{"id":9351,"date":"2025-05-25T17:41:56","date_gmt":"2025-05-25T15:41:56","guid":{"rendered":"https:\/\/www.fleurdisa.org\/blog\/?page_id=9351"},"modified":"2025-06-24T14:40:15","modified_gmt":"2025-06-24T12:40:15","slug":"fonctionnement","status":"publish","type":"page","link":"https:\/\/www.fleurdisa.org\/blog\/fonctionnement\/","title":{"rendered":"Notre Fonctionnement"},"content":{"rendered":"\n<h3 class=\"wp-block-heading has-text-align-center\">Le Conseil d&rsquo;Administration<\/h3>\n\n\n\n<p>Il se r\u00e9unit en pr\u00e9sentiel environ 10 fois dans l&rsquo;ann\u00e9e.<\/p>\n\n\n\n<h3 class=\"wp-block-heading has-text-align-center\">L&rsquo;Assembl\u00e9e G\u00e9n\u00e9rale<\/h3>\n\n\n\n<p><span style=\"color: #339966;\">Notre Assembl\u00e9e G\u00e9n\u00e9rale se tient chaque ann\u00e9e au mois de f\u00e9vrier ou mars et a lieu \u00e0 Champniers, si\u00e8ge social de Fleur d&rsquo;Isa.<\/span><br>Vous pouvez t\u00e9l\u00e9charger le dernier PV d&rsquo;AG sur la page d&rsquo;accueil (Les News).<\/p>\n\n\n\n<p class=\"has-text-align-center\">&#8212;&#8212;&#8212;&#8212;&#8212;&#8211;<\/p>\n\n\n\n<h3 class=\"wp-block-heading has-text-align-center\">Statuts de l&rsquo;association <span style=\"color: #ff0000;\">FLEUR D&rsquo;ISA<\/span>, Aidons-les \u00e0 mieux vivre<\/h3>\n\n\n\n<p><strong>Les statuts ont \u00e9t\u00e9 modifi\u00e9s lors de&nbsp; l&rsquo;Assembl\u00e9e g\u00e9n\u00e9rale du 25 mars 2022<\/strong><\/p>\n\n\n\n<p>\n<strong>Art. 1 : <\/strong>Il a \u00e9t\u00e9 fond\u00e9 le 14\/03\/2008, par les adh\u00e9rents aux pr\u00e9sents statuts, une <strong>association <\/strong>r\u00e9gie par la loi du 1er juillet 1901 et le d\u00e9cret du 16 ao\u00fbt 1901 ayant pour d\u00e9nomination : <strong>\u00ab\u00a0FLEUR D&rsquo;ISA\u00a0\u00bb.<\/strong>\n<\/p>\n\n\n<p><strong>Art. 2 : <\/strong>L\u2019association a pour <strong>objet\u00a0:<\/strong><\/p>\n<ul>\n<li><strong>D\u2019aider les malades <\/strong><strong>atteints (e)s de cancer du sein et de tout autre cancer, <\/strong><strong>\u00e0 mieux vivre<\/strong>\u00a0:\n<ul>\n<li>en finan\u00e7ant des soins de soutiens apport\u00e9s aux malades pendant les s\u00e9ances de chimioth\u00e9rapie, en am\u00e9liorant leur quotidien, en les entourant conjointement aux traitements sp\u00e9cifiques du cancer.<\/li>\n<\/ul>\n<\/li>\n<\/ul>\n<ul>\n<li><strong>De promouvoir la pr\u00e9vention\u00a0:<\/strong>\n<ul>\n<li>en appuyant toutes les initiatives permanentes engag\u00e9es, en participant activement aux diff\u00e9rentes manifestations organis\u00e9es, en particulier dans le cadre d\u2019Octobre Rose,en soutenant la recherche et les campagnes de sensibilisation.<\/li>\n<\/ul>\n<\/li>\n<\/ul>\n<ul>\n<li><strong>De participer aux actions Post Hospitalisation\u00a0:<\/strong>\n<ul>\n<li>en renfor\u00e7ant les interventions organis\u00e9es pour accueillir et accompagner les personnes en cours et ou apr\u00e8s traitement du cancer afin de\u00a0:\n<ul>\n<li>rompre avec l\u2019isolement social,<\/li>\n<li>aider dans le bien-\u00eatre.<\/li>\n<\/ul>\n<\/li>\n<\/ul>\n<\/li>\n<\/ul>\n<p><strong>L\u2019am\u00e9lioration des conditions de vie<\/strong> au quotidien, <strong>l\u2019apport de r\u00e9confort et de bien-\u00eatre, le soutien \u00e0 la recherche<\/strong> sont les objectifs de l\u2019association. Fleur d\u2019Isa est donc pr\u00e9sente aux c\u00f4t\u00e9s des <strong>personnes touch\u00e9es par le cancer.<\/strong><\/p>\n<p><strong>Art. 3 : Si\u00e8ge <\/strong>social <strong>: Mairie de Champniers \u2013 16430 CHAMPNIERS<\/strong><\/p>\n<ul>\n<li>Site internet : www.fleurdisa.org<\/li>\n<li>Email : contact@fleurdisa.org<\/li>\n<li>Facebook : @assofleurdisa<\/li>\n<\/ul>\n<p><strong>Art. 4 : <\/strong>L&rsquo;association est ind\u00e9pendante de tout parti politique, de toute confession religieuse et de toute soci\u00e9t\u00e9 philosophique.<\/p>\n<p><strong>Art. 5 :<\/strong> Les personnes physiques ou morales, qui adh\u00e8rent aux pr\u00e9sents statuts s&rsquo;acquittent d&rsquo;une cotisation annuelle fix\u00e9e par l&rsquo;Assembl\u00e9e G\u00e9n\u00e9rale. Toute nouvelle adh\u00e9sion doit \u00eatre approuv\u00e9e par le bureau.<\/p>\n<p><strong>Art. 6 : <\/strong>La qualit\u00e9 d&rsquo;adh\u00e9rent se perd par d\u00e9mission, par non-paiement de la cotisation, par radiation prononc\u00e9e par le Conseil d&rsquo;Administration pour motif grave, l&rsquo;int\u00e9ress\u00e9 ayant \u00e9t\u00e9 au pr\u00e9alable invit\u00e9 \u00e0 fournir des explications.<\/p>\n<p><strong>Art. 7 :<\/strong> L&rsquo;Assembl\u00e9e G\u00e9n\u00e9rale ordinaire \u00e0 lieu tous les ans, sur convocation du Conseil d&rsquo;Administration, mentionnant l&rsquo;ordre du jour et adress\u00e9e quinze jours avant la date fix\u00e9e. Elle r\u00e9unit tous les adh\u00e9rents et peut accueillir des partenaires, ces derniers n&rsquo;ayant pas le droit de vote. Seuls les adh\u00e9rents \u00e0 jour de leur cotisation peuvent voter. Chaque adh\u00e9rent pr\u00e9sent \u00e0 droit \u00e0 une voix, les adh\u00e9rents absents peuvent donner pouvoir \u00e0 un adh\u00e9rent pr\u00e9sent de leur choix. Le lieu de la r\u00e9union peut varier, selon les circonstances.<\/p>\n<p>L&rsquo;Assembl\u00e9e G\u00e9n\u00e9rale ordinaire se prononce sur les rapports, moral, d&rsquo;activit\u00e9s et financier qui sont pr\u00e9sent\u00e9s. Les votes se font \u00e0 main lev\u00e9e, \u00e0 la majorit\u00e9 simple des adh\u00e9rents pr\u00e9sents ou repr\u00e9sent\u00e9s.<\/p>\n<p><strong>Art. 8 :<\/strong> Une Assembl\u00e9e G\u00e9n\u00e9rale extraordinaire peut \u00eatre convoqu\u00e9e, dans les m\u00eames conditions que celles fix\u00e9es dans l&rsquo;art. 7, pour des questions importantes et urgentes, pour un dysfonctionnement grave ou \u00e0 la demande du tiers au moins des adh\u00e9rents. Les d\u00e9lib\u00e9rations sont prises \u00e0 main lev\u00e9e et \u00e0 la majorit\u00e9 d&rsquo;au moins les deux tiers des membres pr\u00e9sents.<\/p>\n<p><strong>Art. 9 :<\/strong> L&rsquo;association est administr\u00e9e par un Conseil d&rsquo;Administration compos\u00e9 de 12 membres au maximum \u00e9lus par l&rsquo;Assembl\u00e9e G\u00e9n\u00e9rale pour trois ans. Le Conseil d\u2019administration est renouvelable par tiers chaque ann\u00e9e. Les membres sont r\u00e9\u00e9ligibles. Toutes les fonctions sont b\u00e9n\u00e9voles. En cas de vacance d&rsquo;un membre le Conseil peut pourvoir \u00e0 son remplacement provisoire jusqu&rsquo;\u00e0 la prochaine Assembl\u00e9e G\u00e9n\u00e9rale.<\/p>\n<p><strong>Art. 10 :<\/strong> Le conseil d&rsquo;administration \u00e9lit parmi ses membres, un bureau compos\u00e9 de :<\/p>\n<ul>\n<li>Un(e) pr\u00e9sident(e);<\/li>\n<li>Un(e) ou plusieurs vice-pr\u00e9sidents(e);<\/li>\n<li>Un(e) tr\u00e9sorier(e), un(e) tr\u00e9sorier(e) adjoint(e).<\/li>\n<li>Un(e) secr\u00e9taire et un(e)(e) secr\u00e9taire(e) adjoint(e);<\/li>\n<\/ul>\n<p>Les fonctions de pr\u00e9sident et de tr\u00e9sorier ne sont pas cumulables.<\/p>\n<p><strong>Art. 11 :<\/strong> Les ressources de l&rsquo;association se composent :<\/p>\n<ul>\n<li>Des cotisations des adh\u00e9rents<\/li>\n<li>De subventions de la Commune, du D\u00e9partement, de la R\u00e9gion, de l&rsquo;Etat<\/li>\n<li>De dons individuels ou de groupes, d&rsquo;entreprises, d&rsquo;associations\u2026<\/li>\n<li>D&rsquo;expositions ventes sur le th\u00e8me du coquelicot, embl\u00e8me de l&rsquo;association<\/li>\n<li>Du parrainage ou du m\u00e9c\u00e9nat d&rsquo;entreprises ou d&rsquo;artistes<\/li>\n<li>D&rsquo;appels \u00e0 la g\u00e9n\u00e9rosit\u00e9 publique<\/li>\n<li>De toutes autres ressources ou subventions qui ne seraient pas contraires aux lois en vigueur.<\/li>\n<\/ul>\n<p><strong>Art. 12 :<\/strong> R\u00e8glement int\u00e9rieur :<\/p>\n<p>Un r\u00e8glement int\u00e9rieur est joint au pr\u00e9sent statut.<\/p>\n<p><strong>Art. 13 :<\/strong> La dissolution de l&rsquo;association ne peut \u00eatre prononc\u00e9e que par une Assembl\u00e9e G\u00e9n\u00e9rale extraordinaire, \u00e0 la demande du Conseil d&rsquo;Administration ou des deux tiers des adh\u00e9rents. Le vote a lieu \u00e0 main lev\u00e9e, \u00e0 la majorit\u00e9 des deux tiers des membres pr\u00e9sents. En cas de dissolution, l&rsquo;Assembl\u00e9e G\u00e9n\u00e9rale extraordinaire d\u00e9signe un ou deux liquidateurs des biens de l&rsquo;association qui seront attribu\u00e9s \u00e0 une association ayant un objet similaire.<\/p>\n\n\n<p class=\"has-text-align-center\"><\/p>\n\n\n\n<p><\/p>\n","protected":false},"excerpt":{"rendered":"<p>Le Conseil d&rsquo;Administration Il se r\u00e9unit en pr\u00e9sentiel environ 10 fois dans l&rsquo;ann\u00e9e. L&rsquo;Assembl\u00e9e G\u00e9n\u00e9rale Notre Assembl\u00e9e G\u00e9n\u00e9rale se tient [&hellip;]<\/p>\n","protected":false},"author":8,"featured_media":0,"parent":0,"menu_order":0,"comment_status":"closed","ping_status":"closed","template":"","meta":{"site-sidebar-layout":"default","site-content-layout":"","ast-site-content-layout":"default","site-content-style":"default","site-sidebar-style":"default","ast-global-header-display":"","ast-banner-title-visibility":"","ast-main-header-display":"","ast-hfb-above-header-display":"","ast-hfb-below-header-display":"","ast-hfb-mobile-header-display":"","site-post-title":"","ast-breadcrumbs-content":"","ast-featured-img":"","footer-sml-layout":"","ast-disable-related-posts":"","theme-transparent-header-meta":"","adv-header-id-meta":"","stick-header-meta":"","header-above-stick-meta":"","header-main-stick-meta":"","header-below-stick-meta":"","astra-migrate-meta-layouts":"default","ast-page-background-enabled":"default","ast-page-background-meta":{"desktop":{"background-color":"var(--ast-global-color-5)","background-image":"","background-repeat":"repeat","background-position":"center center","background-size":"auto","background-attachment":"scroll","background-type":"","background-media":"","overlay-type":"","overlay-color":"","overlay-opacity":"","overlay-gradient":""},"tablet":{"background-color":"","background-image":"","background-repeat":"repeat","background-position":"center center","background-size":"auto","background-attachment":"scroll","background-type":"","background-media":"","overlay-type":"","overlay-color":"","overlay-opacity":"","overlay-gradient":""},"mobile":{"background-color":"","background-image":"","background-repeat":"repeat","background-position":"center center","background-size":"auto","background-attachment":"scroll","background-type":"","background-media":"","overlay-type":"","overlay-color":"","overlay-opacity":"","overlay-gradient":""}},"ast-content-background-meta":{"desktop":{"background-color":"var(--ast-global-color-4)","background-image":"","background-repeat":"repeat","background-position":"center center","background-size":"auto","background-attachment":"scroll","background-type":"","background-media":"","overlay-type":"","overlay-color":"","overlay-opacity":"","overlay-gradient":""},"tablet":{"background-color":"var(--ast-global-color-4)","background-image":"","background-repeat":"repeat","background-position":"center center","background-size":"auto","background-attachment":"scroll","background-type":"","background-media":"","overlay-type":"","overlay-color":"","overlay-opacity":"","overlay-gradient":""},"mobile":{"background-color":"var(--ast-global-color-4)","background-image":"","background-repeat":"repeat","background-position":"center center","background-size":"auto","background-attachment":"scroll","background-type":"","background-media":"","overlay-type":"","overlay-color":"","overlay-opacity":"","overlay-gradient":""}},"footnotes":""},"class_list":["post-9351","page","type-page","status-publish","hentry"],"_links":{"self":[{"href":"https:\/\/www.fleurdisa.org\/blog\/wp-json\/wp\/v2\/pages\/9351","targetHints":{"allow":["GET"]}}],"collection":[{"href":"https:\/\/www.fleurdisa.org\/blog\/wp-json\/wp\/v2\/pages"}],"about":[{"href":"https:\/\/www.fleurdisa.org\/blog\/wp-json\/wp\/v2\/types\/page"}],"author":[{"embeddable":true,"href":"https:\/\/www.fleurdisa.org\/blog\/wp-json\/wp\/v2\/users\/8"}],"replies":[{"embeddable":true,"href":"https:\/\/www.fleurdisa.org\/blog\/wp-json\/wp\/v2\/comments?post=9351"}],"version-history":[{"count":8,"href":"https:\/\/www.fleurdisa.org\/blog\/wp-json\/wp\/v2\/pages\/9351\/revisions"}],"predecessor-version":[{"id":10033,"href":"https:\/\/www.fleurdisa.org\/blog\/wp-json\/wp\/v2\/pages\/9351\/revisions\/10033"}],"wp:attachment":[{"href":"https:\/\/www.fleurdisa.org\/blog\/wp-json\/wp\/v2\/media?parent=9351"}],"curies":[{"name":"wp","href":"https:\/\/api.w.org\/{rel}","templated":true}]}}