{"id":9347,"date":"2025-05-25T17:36:31","date_gmt":"2025-05-25T15:36:31","guid":{"rendered":"https:\/\/www.fleurdisa.org\/blog\/?page_id=9347"},"modified":"2025-10-18T12:31:01","modified_gmt":"2025-10-18T10:31:01","slug":"autres-associations","status":"publish","type":"page","link":"https:\/\/www.fleurdisa.org\/blog\/autres-associations\/","title":{"rendered":"Autres Associations"},"content":{"rendered":"\n<h3 class=\"wp-block-heading has-text-align-center\" id=\"block-16cc1257-4cfb-437a-b0a8-f4ed42709b07\">LES ORGANISMES AUTOUR DU CANCER<\/h3>\n\n\n\n<h3 class=\"wp-block-heading\" id=\"block-cd9fff1f-2ff2-4e73-91e5-77c135d56428\"><a href=\"http:\/\/www.depistagecancer-na.fr\" target=\"_blank\" rel=\"noreferrer noopener\">DEPISTAGE DU CANCER EN NOUVELLE AQUITAINE<\/a><\/h3>\n\n\n\n<p id=\"block-39bddc52-39cf-476c-8480-b76320db3564\">L&rsquo;Antenne d&rsquo;Angoul\u00eame du Centre de Coordination (CRCDC) de Nouvelle Aquitaine assure l&rsquo;information<br>et le d\u00e9pistage des cancers. Anciennement Orchid\u00e9e.<br>N\u00b0 05 45 68 30 21<\/p>\n\n\n\n<h3 class=\"wp-block-heading\" id=\"block-f4d8e5fd-ec44-48a2-a9b0-46e36bb150bd\"><a href=\"https:\/\/www.reseaudeskinesdusein.fr\" target=\"_blank\" rel=\"noreferrer noopener\">RKS &#8211; R\u00e9seau des Kin\u00e9sith\u00e9rapeutes du Sein<\/a><\/h3>\n\n\n\n<p id=\"block-b826d230-6df3-43d0-ba60-d4e8d68ab4de\">Le RKS est un r\u00e9seau de kin\u00e9sith\u00e9rapeutes form\u00e9s au cancer du sein.<br>Ils contribuent \u00e0 soulager et traiter les douleurs et effets secondaires.<br>Ils offrent un accompagnement personnalis\u00e9 tout au long du traitement.<br>email : rks.aquitaine@gmail.com<\/p>\n\n\n\n<h3 class=\"wp-block-heading\" id=\"block-5fdb5217-515e-4524-ba82-09b535432fc1\"><a href=\"https:\/\/angouleme.radiotherapie.fr\/\">CeRAC &#8211; Centre de traitement par Radioth\u00e9rapie Angoul\u00eame &#8211; Charente<\/a><\/h3>\n\n\n\n<p id=\"block-f712eb2b-89c5-4dc2-b88f-eb816dc470cd\">Le Centre de Radioth\u00e9rapie Angoul\u00eame Charente (CeRAC) a \u00e9t\u00e9 cr\u00e9\u00e9 le 01 janvier 2022 afin de garantir la p\u00e9rennit\u00e9, sur le territoire de Charente, d\u2019une prise en charge de qualit\u00e9 des patients atteints de cancer.<\/p>\n\n\n\n<p id=\"block-95d8b08b-73f3-41d6-aac4-3a7b52ec956d\">Le Centre de Radioth\u00e9rapie Angoul\u00eame Charente regroupe<\/p>\n\n\n\n<ul id=\"block-a85977d4-e555-4378-8cd3-0a40c8b07138\" class=\"wp-block-list\">\n<li>le Centre Hospitalier d\u2019Angoul\u00eame,<\/li>\n\n\n\n<li>le Centre Clinical<\/li>\n\n\n\n<li>des m\u00e9decins lib\u00e9raux<\/li>\n<\/ul>\n\n\n\n<h3 class=\"wp-block-heading\" id=\"block-99a34104-b9e6-419b-ab99-1bd2dfa6317e\"><a href=\"https:\/\/www.ardevie.org\/cssr-les-glamots\/parcours-oncologie\/\" target=\"_blank\" rel=\"noreferrer noopener\">Ardevie &#8211; Les Glamots &#8211; Soins de support en Oncologie<\/a><\/h3>\n\n\n\n<p id=\"block-f251f278-46fa-410e-a471-aa6266d512b3\">Des soins de support (Sport, Di\u00e9t\u00e9tique, aide psychologique) peuvent \u00eatre apport\u00e9s, sur prescription m\u00e9dicale, en Charente, dans l&rsquo;ann\u00e9e qui suit l&rsquo;arr\u00eat des traitements (hors hormonoth\u00e9rapie).<\/p>\n\n\n\n<ul id=\"block-984fe3f7-53c4-4502-8905-5e13666d2fa3\" class=\"wp-block-list\">\n<li>Num\u00e9ro \u00e0 appeler : 05 45 94 27 85 ,<\/li>\n\n\n\n<li>Flyer : <a href=\"https:\/\/www.fleurdisa.org\/blog\/wp-content\/uploads\/2023\/09\/Flyer-Parcours-soins-de-support-Ardevie.pdf\">Flyer Parcours soins de support Ardevie<\/a><\/li>\n\n\n\n<li>Formulaire : <a href=\"https:\/\/www.fleurdisa.org\/blog\/wp-content\/uploads\/2023\/09\/Fiche-renseignements-et-prescription-Parcours-soins-de-support-Ardevie.pdf\">Fiche renseignements et prescription Parcours soins de support Ardevie<\/a><\/li>\n<\/ul>\n\n\n\n<h3 class=\"wp-block-heading\" id=\"block-ccf09461-fbe8-4ba5-b519-0b08b59d009b\"><strong><a href=\"https:\/\/onco-nouvelle-aquitaine.fr\/annuaire\/centre-hospitalier-angouleme\/\">Le CHA &#8211; Soins de support en Oncologie<\/a><\/strong><\/h3>\n\n\n\n<p id=\"block-3741963e-b87b-45f5-8271-8d3e5e6cea64\">Des soins de support (Sport, Di\u00e9t\u00e9tique, aide psychologique) peuvent \u00eatre apport\u00e9s, sur prescription m\u00e9dicale, en Charente, dans l&rsquo;ann\u00e9e qui suit l&rsquo;arr\u00eat des traitements (hors hormonoth\u00e9rapie).<\/p>\n\n\n\n<p id=\"block-fa7d5f37-6208-4ecb-8314-45592de00452\">T\u00e9l\u00e9charger le <a href=\"https:\/\/www.fleurdisa.org\/blog\/wp-content\/uploads\/2025\/04\/2024_Flyer-parcours-de-soins-apres-traitement-cancer.pdf\">Flyer<\/a><\/p>\n\n\n\n<h3 class=\"wp-block-heading has-text-align-center\" id=\"block-10f8cda5-6dcf-46fb-9b4b-8aeb844137ad\">LES ASSOCIATIONS AUTOUR DU CANCER<\/h3>\n\n\n\n<h3 class=\"wp-block-heading\" id=\"block-4b8ef333-fd78-4da4-8f7b-9d091e689511\"><a href=\"https:\/\/www.ligue-cancer.net\" target=\"_blank\" rel=\"noreferrer noopener\">LA LIGUE<\/a><\/h3>\n\n\n\n<p id=\"block-f64985fe-844c-4de8-a40f-960d9d287234\">Comit\u00e9 de la Charente de la ligue Nationale contre le Cancer<\/p>\n\n\n\n<h3 class=\"wp-block-heading\" id=\"block-b2819a2d-58e4-4950-bb98-0b1990be54a4\"><a href=\"http:\/\/www.vivrecommeavant.org\" target=\"_blank\" rel=\"noreferrer noopener\">VIVRE COMME AVANT<\/a><\/h3>\n\n\n\n<p id=\"block-8fde042a-9ad0-45b9-9ffe-1ee34fc01fde\">Mouvement d\u2019aide morale constitu\u00e9 de femmes op\u00e9r\u00e9es du sein, toutes b\u00e9n\u00e9voles<br>Aide morale, \u00e9coute, encouragement&#8230;<br>Visites hospitali\u00e8res<\/p>\n\n\n\n<h3 class=\"wp-block-heading\" id=\"block-5e897bc7-3391-459d-b08e-a7138c4dfe1f\"><a href=\"https:\/\/www.jeuneetrose.fr\/\">JEUNE ET ROSE<\/a><\/h3>\n\n\n\n<p id=\"block-7611a2e6-50a2-431a-8470-5bafb2b36d2d\"><strong>Jeune&amp;Rose<\/strong> c&rsquo;est un collectif de jeunes femmes qui ont affront\u00e9es un cancer du sein entre 20 et 45 ans et qui ont d\u00e9cid\u00e9 de se mobiliser ensemble pour f\u00e9d\u00e9rer les jeunes patientes (projet Les <a href=\"https:\/\/www.jeuneetrose.fr\/les-t\u00e9tonnantes\">T\u00e9tonnantes<\/a>), sensibiliser les professionnels de sant\u00e9 (projet Alerte Rose) et mener des actions de pr\u00e9vention fortes et innovantes aupr\u00e8s des jeunes filles (projet <a href=\"https:\/\/www.jeuneetrose.fr\/t\u00e9l\u00e9t\u00e9ton\">T\u00e9l\u00e9t\u00e9ton<\/a>).<\/p>\n\n\n\n<h3 class=\"wp-block-heading\" id=\"block-bfea2dde-de4f-4a36-ae0e-a9979b1bd88c\"><strong><a href=\"https:\/\/www.instagram.com\/lacourteechelle.cognac\/\">La Courte Echelle Le Cancer &#8230;. et apr\u00e8s &#8211; Cognac<\/a><\/strong><\/h3>\n\n\n\n<p><\/p>\n\n\n\n<h3 class=\"wp-block-heading\"><a href=\"http:\/\/www.hebergeuses-solidaires.fr\"><strong>Les H\u00e9bergeuses<\/strong> solidaires<\/a><\/h3>\n\n\n\n<p>C\u2019est un groupe de femmes (et de quelques hommes) exer\u00e7ant la profession d\u2019h\u00e9bergeuses touristiques et qui se mobilisent b\u00e9n\u00e9volement pour proposer <strong>des offres de s\u00e9jour sp\u00e9ciales r\u00e9serv\u00e9es aux femmes en lutte contre le cancer<\/strong>, de fa\u00e7on \u00e0 faciliter un moment d\u2019\u00e9vasion et de pause.<\/p>\n\n\n\n<h3 class=\"wp-block-heading has-text-align-center\" id=\"block-77ff4c53-74b8-4f9b-83e9-ac03485b2eb4\">LES ASSOCIATIONS DES USAGERS<\/h3>\n\n\n\n<h3 class=\"wp-block-heading\" id=\"block-34ec8647-2f0a-4e4e-9b6d-d12e13d49d61\"><a href=\"https:\/\/nouvelle-aquitaine.france-assos-sante.org\" target=\"_blank\" rel=\"noreferrer noopener\">FAS NA<\/a><\/h3>\n\n\n\n<p id=\"block-013d5522-4432-4184-9528-6f1e6a261858\">France Assos Sant\u00e9 Nouvelle Aquitaine<br>France Assos Sant\u00e9 est l\u2019Union nationale des associations agr\u00e9\u00e9es<br>pour repr\u00e9senter les patients et les usagers du syst\u00e8me de sant\u00e9<br>et d\u00e9fendre leurs int\u00e9r\u00eats.<br>Officiellement reconnue par son inscription dans le code de la sant\u00e9 publique<br>via la loi du 26 janvier 2016, France Assos Sant\u00e9 a \u00e9t\u00e9 cr\u00e9\u00e9e en mars 2017<br>\u00e0 l\u2019initiative de 72 associations nationales fondatrices.<br>\ufeff<\/p>\n\n\n\n<h3 class=\"wp-block-heading has-text-align-center\" id=\"block-b875cb86-a416-4453-ac5a-fe41b7a1cbff\">LES AUTRES ASSOCIATIONS<\/h3>\n\n\n\n<h3 class=\"wp-block-heading\" id=\"block-ca37354c-1418-42d5-9912-84e2ff1adfbd\"><a href=\"https:\/\/www.vmeh-national.com\" target=\"_blank\" rel=\"noreferrer noopener\">VMEH<\/a><\/h3>\n\n\n\n<p id=\"block-42c13552-99ae-4c97-800a-0aabdb1da21b\">Association des Visiteurs de Malades en Etablissements Hospitaliers<\/p>\n\n\n\n<h3 class=\"wp-block-heading\" id=\"block-f0c0ef2b-c2dd-4a10-9a1c-b6a510c12c08\"><a href=\"https:\/\/www.asp16.fr\" target=\"_blank\" rel=\"noreferrer noopener\">ASP16<\/a><\/h3>\n\n\n\n<p id=\"block-1958f3d9-0e56-46b6-964b-5ba7bcc985d7\">Association pour l&rsquo;accompagnement et le d\u00e9veloppement des soins palliatifs en Charente.<\/p>\n\n\n\n<h3 class=\"wp-block-heading\" id=\"block-ade0948d-820c-4c54-9ae8-d07985ae3ca7\"><a href=\"https:\/\/lamaison2lea.fr\/\" target=\"_blank\" rel=\"noreferrer noopener\">LA MAISON DE LEA<\/a><\/h3>\n\n\n\n<p id=\"block-83a198bd-2168-4a7e-b236-2371b0037876\">La maison de LEA est un espace chaleureux et innovant situ\u00e9 en Charente pr\u00e8s d\u2019Angoul\u00eame. Ce Tiers lieu m\u00e9dico-social est ouvert \u00e0 l\u2019ensemble des partenaires qui \u0153uvrent au quotidien pour soutenir les proches aidants. Engag\u00e9 au c\u0153ur de la<a href=\"https:\/\/dynamiqueaidants16.fr\/\" target=\"_blank\" rel=\"noreferrer noopener\"> dynamique qui soutient les Aidants en Charente<\/a>, ses actions portent principalement sur l\u2019\u00e9coute individuelle, l\u2019animation d\u2019ateliers sant\u00e9 et bien \u00eatre, les formations et toutes activit\u00e9s pouvant redonner de la joie et du r\u00e9pit.<\/p>\n\n\n\n<h3 class=\"wp-block-heading\" id=\"block-86001944-b41c-4745-b189-f06bdcb9246b\"><a href=\"https:\/\/www.dac-16.fr\/le-dispositif-dappui-la-coordination\" target=\"_blank\" rel=\"noreferrer noopener\">PTA &#8211; Plateforme Territoriale d&rsquo;Appui<\/a><\/h3>\n\n\n\n<p id=\"block-d30837a2-d7f6-4662-9a36-12af136acde7\">Le Dispositif d\u2019appui \u00e0 la coordination (DAC) de la Charente travaille en \u00e9troite collaboration avec les \u00e9quipes du D\u00e9partement (Services d\u00e9partementaux des solidarit\u00e9s et de l&rsquo;insertion), les \u00e9quipes de la Maison d\u00e9partementale des personnes handicap\u00e9es, les services hospitaliers, les acteurs du domicile et les acteurs du territoire afin d\u2019agir en faveur des parcours de sant\u00e9 et de s\u00e9curiser le maintien \u00e0 domicile.<\/p>\n\n\n\n<h3 class=\"wp-block-heading\" id=\"block-1fad88e4-5883-46cb-ab72-3056b5eb2fc3\"><a href=\"https:\/\/www.ch-angouleme.fr\/Tout-savoir-sur-l-hopital\/Ses-etablissements-pour-personnes-agees-EHPAD-et-USLD\/La-Plateforme-des-Aidants\">La-Plateforme-des-Aidants<\/a><\/h3>\n\n\n\n<p id=\"block-cff6146b-f8ec-4c4b-adee-0adaf2ff0b56\">Les journ\u00e9es des aidants sont conditionn\u00e9es par le rythme de vie de leur proche malade qui donnent lieu \u00e0 un <strong>\u00e9puisement de l\u2019aidant.<\/strong> La plateforme des aidants est donc le <strong>seul service d\u00e9di\u00e9 pour le temps \u00e0 l\u2019aidant.<\/strong> Les plateformes s\u2019adressent aux aidants r\u00e9sidant sur leur territoire ou fr\u00e9quenter une structure de r\u00e9pit du territoire.<\/p>\n\n\n\n<p id=\"block-5c08f44b-0fbe-41a9-a47d-0c6e737e0793\"><strong>Depuis juin 2020, le d\u00e9partement de la Charente est couvert par 2 plateformes&nbsp;: La plateforme des aidants Sud et Ouest (port\u00e9e par le CH de Ch\u00e2teauneuf) et la plateforme des aidants Centre, Nord et Est (port\u00e9e par le CH d\u2019Angoul\u00eame).<\/strong><\/p>\n","protected":false},"excerpt":{"rendered":"<p>LES ORGANISMES AUTOUR DU CANCER DEPISTAGE DU CANCER EN NOUVELLE AQUITAINE L&rsquo;Antenne d&rsquo;Angoul\u00eame du Centre de Coordination (CRCDC) de Nouvelle [&hellip;]<\/p>\n","protected":false},"author":8,"featured_media":0,"parent":0,"menu_order":0,"comment_status":"closed","ping_status":"closed","template":"","meta":{"site-sidebar-layout":"default","site-content-layout":"","ast-site-content-layout":"default","site-content-style":"default","site-sidebar-style":"default","ast-global-header-display":"","ast-banner-title-visibility":"","ast-main-header-display":"","ast-hfb-above-header-display":"","ast-hfb-below-header-display":"","ast-hfb-mobile-header-display":"","site-post-title":"","ast-breadcrumbs-content":"","ast-featured-img":"","footer-sml-layout":"","ast-disable-related-posts":"","theme-transparent-header-meta":"","adv-header-id-meta":"","stick-header-meta":"","header-above-stick-meta":"","header-main-stick-meta":"","header-below-stick-meta":"","astra-migrate-meta-layouts":"default","ast-page-background-enabled":"default","ast-page-background-meta":{"desktop":{"background-color":"var(--ast-global-color-5)","background-image":"","background-repeat":"repeat","background-position":"center center","background-size":"auto","background-attachment":"scroll","background-type":"","background-media":"","overlay-type":"","overlay-color":"","overlay-opacity":"","overlay-gradient":""},"tablet":{"background-color":"","background-image":"","background-repeat":"repeat","background-position":"center center","background-size":"auto","background-attachment":"scroll","background-type":"","background-media":"","overlay-type":"","overlay-color":"","overlay-opacity":"","overlay-gradient":""},"mobile":{"background-color":"","background-image":"","background-repeat":"repeat","background-position":"center center","background-size":"auto","background-attachment":"scroll","background-type":"","background-media":"","overlay-type":"","overlay-color":"","overlay-opacity":"","overlay-gradient":""}},"ast-content-background-meta":{"desktop":{"background-color":"var(--ast-global-color-4)","background-image":"","background-repeat":"repeat","background-position":"center center","background-size":"auto","background-attachment":"scroll","background-type":"","background-media":"","overlay-type":"","overlay-color":"","overlay-opacity":"","overlay-gradient":""},"tablet":{"background-color":"var(--ast-global-color-4)","background-image":"","background-repeat":"repeat","background-position":"center center","background-size":"auto","background-attachment":"scroll","background-type":"","background-media":"","overlay-type":"","overlay-color":"","overlay-opacity":"","overlay-gradient":""},"mobile":{"background-color":"var(--ast-global-color-4)","background-image":"","background-repeat":"repeat","background-position":"center center","background-size":"auto","background-attachment":"scroll","background-type":"","background-media":"","overlay-type":"","overlay-color":"","overlay-opacity":"","overlay-gradient":""}},"footnotes":""},"class_list":["post-9347","page","type-page","status-publish","hentry"],"_links":{"self":[{"href":"https:\/\/www.fleurdisa.org\/blog\/wp-json\/wp\/v2\/pages\/9347","targetHints":{"allow":["GET"]}}],"collection":[{"href":"https:\/\/www.fleurdisa.org\/blog\/wp-json\/wp\/v2\/pages"}],"about":[{"href":"https:\/\/www.fleurdisa.org\/blog\/wp-json\/wp\/v2\/types\/page"}],"author":[{"embeddable":true,"href":"https:\/\/www.fleurdisa.org\/blog\/wp-json\/wp\/v2\/users\/8"}],"replies":[{"embeddable":true,"href":"https:\/\/www.fleurdisa.org\/blog\/wp-json\/wp\/v2\/comments?post=9347"}],"version-history":[{"count":4,"href":"https:\/\/www.fleurdisa.org\/blog\/wp-json\/wp\/v2\/pages\/9347\/revisions"}],"predecessor-version":[{"id":10794,"href":"https:\/\/www.fleurdisa.org\/blog\/wp-json\/wp\/v2\/pages\/9347\/revisions\/10794"}],"wp:attachment":[{"href":"https:\/\/www.fleurdisa.org\/blog\/wp-json\/wp\/v2\/media?parent=9347"}],"curies":[{"name":"wp","href":"https:\/\/api.w.org\/{rel}","templated":true}]}}